{"id":138,"date":"2021-04-05T11:05:13","date_gmt":"2021-04-05T09:05:13","guid":{"rendered":"http:\/\/julesseverac.com\/?page_id=138"},"modified":"2021-09-08T19:01:16","modified_gmt":"2021-09-08T17:01:16","slug":"bio","status":"publish","type":"page","link":"https:\/\/julesseverac.com\/index.php\/bio\/","title":{"rendered":"Bio"},"content":{"rendered":"\n<p>Jules S\u00e9verac vit et travaille \u00e0 Paris.<br>Il int\u00e8gre en 2013 les Beaux Arts de Toulouse o\u00f9 il confirme son go\u00fbt pour la photographie en suivant les cours d\u2019image et devenant moniteur de studio photo.<br>Apr\u00e8s un DNAP, il r\u00e9ussit en 2016 le concours de l\u2019ENS Louis-Lumi\u00e8re dont il sort dipl\u00f4m\u00e9 en 2019. Pendant son Master, il m\u00e8ne de front recherches plastiques, activit\u00e9s de cr\u00e9ation personnelle et se perfectionne dans la photographie de studio. Il dirige le p\u00f4le expositions de l\u2019association \u00e9tudiante 48+.<br>Son sujet de m\u00e9moire porte sur l\u2019importance de la photographie cr\u00e9ative dans l\u2019espace de la vitrine commerciale ; il y soul\u00e8ve la question de l\u2019utilit\u00e9 de l\u2019image photographique dans le d\u00e9cor, l\u2019espace, et le volume.\u00a0<\/p>\n\n\n\n<p>D\u00e8s lors, il exerce pleinement son m\u00e9tier de photographe dans diff\u00e9rents domaines, allant de l\u2019enseignement \u00e0 la photographie publicitaire.<br>Il continue en parall\u00e8le son activit\u00e9 artistique et d\u00e9veloppe des s\u00e9ries liant l\u2019intime, le minimaliste et le paysage. Jouant avec les \u00e9chelles, il recherche une esth\u00e9tique po\u00e9tique et intemporelle, o\u00f9 les principales interrogations gravitent autour de la fragilit\u00e9 de l\u2019image et de son abstraction, que ce soit dans sa dimension spatiale ou dans sa restitution.&nbsp;<\/p>\n\n\n\n<div class=\"wp-block-image\"><figure class=\"alignleft size-large is-resized\"><img loading=\"lazy\" src=\"https:\/\/julesseverac.com\/wp-content\/uploads\/2021\/06\/FB_IMG_1624997692291-768x1024.jpg\" alt=\"\" class=\"wp-image-273\" width=\"281\" height=\"375\" srcset=\"https:\/\/julesseverac.com\/wp-content\/uploads\/2021\/06\/FB_IMG_1624997692291-768x1024.jpg 768w, https:\/\/julesseverac.com\/wp-content\/uploads\/2021\/06\/FB_IMG_1624997692291-225x300.jpg 225w, https:\/\/julesseverac.com\/wp-content\/uploads\/2021\/06\/FB_IMG_1624997692291-450x600.jpg 450w, https:\/\/julesseverac.com\/wp-content\/uploads\/2021\/06\/FB_IMG_1624997692291-590x787.jpg 590w, https:\/\/julesseverac.com\/wp-content\/uploads\/2021\/06\/FB_IMG_1624997692291.jpg 1080w\" sizes=\"(max-width: 281px) 100vw, 281px\" \/><\/figure><\/div>\n","protected":false},"excerpt":{"rendered":"<p>Jules S\u00e9verac vit et travaille \u00e0 Paris.Il int\u00e8gre en 2013 les Beaux Arts de Toulouse o\u00f9 il confirme son go\u00fbt pour la photographie en suivant les cours d\u2019image et devenant moniteur de studio photo.Apr\u00e8s un DNAP, il r\u00e9ussit en 2016 le concours de l\u2019ENS Louis-Lumi\u00e8re dont il sort dipl\u00f4m\u00e9 en 2019. Pendant son Master, il m\u00e8ne de front recherches plastiques, activit\u00e9s de cr\u00e9ation personnelle et se perfectionne dans la photographie de studio. Il dirige le p\u00f4le expositions de l\u2019association \u00e9tudiante 48+.Son sujet de m\u00e9moire porte sur l\u2019importance de la photographie cr\u00e9ative dans l\u2019espace de la vitrine commerciale ; il y soul\u00e8ve la question de l\u2019utilit\u00e9 de l\u2019image photographique dans le d\u00e9cor, l\u2019espace, et le volume.\u00a0 D\u00e8s lors, il exerce pleinement son m\u00e9tier de photographe dans diff\u00e9rents domaines, allant de l\u2019enseignement \u00e0 la photographie publicitaire.Il continue en parall\u00e8le son activit\u00e9 artistique et d\u00e9veloppe des s\u00e9ries liant l\u2019intime, le minimaliste et le paysage. Jouant avec les \u00e9chelles, il recherche une esth\u00e9tique po\u00e9tique et intemporelle, o\u00f9 les principales interrogations gravitent autour de la fragilit\u00e9 de l\u2019image et de son abstraction, que ce soit dans sa dimension spatiale ou dans sa restitution.&nbsp;<\/p>\n","protected":false},"author":1,"featured_media":0,"parent":0,"menu_order":0,"comment_status":"closed","ping_status":"closed","template":"","meta":[],"_links":{"self":[{"href":"https:\/\/julesseverac.com\/index.php\/wp-json\/wp\/v2\/pages\/138"}],"collection":[{"href":"https:\/\/julesseverac.com\/index.php\/wp-json\/wp\/v2\/pages"}],"about":[{"href":"https:\/\/julesseverac.com\/index.php\/wp-json\/wp\/v2\/types\/page"}],"author":[{"embeddable":true,"href":"https:\/\/julesseverac.com\/index.php\/wp-json\/wp\/v2\/users\/1"}],"replies":[{"embeddable":true,"href":"https:\/\/julesseverac.com\/index.php\/wp-json\/wp\/v2\/comments?post=138"}],"version-history":[{"count":6,"href":"https:\/\/julesseverac.com\/index.php\/wp-json\/wp\/v2\/pages\/138\/revisions"}],"predecessor-version":[{"id":424,"href":"https:\/\/julesseverac.com\/index.php\/wp-json\/wp\/v2\/pages\/138\/revisions\/424"}],"wp:attachment":[{"href":"https:\/\/julesseverac.com\/index.php\/wp-json\/wp\/v2\/media?parent=138"}],"curies":[{"name":"wp","href":"https:\/\/api.w.org\/{rel}","templated":true}]}}